{"id":10066,"date":"2023-10-17T09:13:23","date_gmt":"2023-10-17T07:13:23","guid":{"rendered":"https:\/\/labonacarn.com\/cancelacion-de-pedidos-devolucion-y-reembolso\/"},"modified":"2023-10-17T09:19:07","modified_gmt":"2023-10-17T07:19:07","slug":"cancelacion-de-pedidos-devolucion-y-reembolso","status":"publish","type":"page","link":"https:\/\/labonacarn.com\/es\/cancelacion-de-pedidos-devolucion-y-reembolso\/","title":{"rendered":"Cancelaci\u00f3n de pedidos, devoluci\u00f3n y reembolso."},"content":{"rendered":"<h1>Cancelaci\u00f3n de pedidos, devoluci\u00f3n y reembolso.<\/h1>\n<p>Con posterioridad a la confirmaci\u00f3n no ser\u00e1 posible modificar ni anular el pedido a trav\u00e9s del sitio web, por lo tanto, deber\u00e1 ponerse en contacto mediante correo electr\u00f3nico a info@labonacarn.com . En tal caso, el pedido s\u00f3lo podr\u00e1 ser modificado o anulado antes de las 24 horas posteriores, una vez se haya pagado en la web.<\/p>\n<p>Si el cliente desea cancelar el pedido antes de las 24 horas, labonacarn proceder\u00e1 a su reembolso.<\/p>\n<p>Una vez transcurridas 24 horas, y no tenemos noticias del cliente, se procede al env\u00edo del pedido. Si por alg\u00fan motivo u otro llegan productos en malas condiciones, labonacarn abonar\u00e1 al cliente, mediante transferencia bancaria, el importe pagado por el cliente. El usuario deber\u00e1 argumentar la mala condici\u00f3n del art\u00edculo y deber\u00e1 comunicarlo a labonacarn cuando recibe el pedido defectuoso. Si han transcurrido m\u00e1s de tres horas de la entrega del pedido y el usuario no ha comunicado nada, labonacarn entiende que el pedido estaba en las correctas condiciones.<\/p>\n","protected":false},"excerpt":{"rendered":"<p>Cancelaci\u00f3n de pedidos, devoluci\u00f3n y reembolso. Con posterioridad a la confirmaci\u00f3n no ser\u00e1 posible modificar ni anular el pedido a trav\u00e9s del sitio web, por&#8230;<\/p>\n","protected":false},"author":1,"featured_media":0,"parent":0,"menu_order":0,"comment_status":"closed","ping_status":"closed","template":"","meta":{"_acf_changed":false,"_joinchat":[],"footnotes":""},"class_list":["post-10066","page","type-page","status-publish"],"acf":[],"yoast_head":"<!-- This site is optimized with the Yoast SEO plugin v27.4 - https:\/\/yoast.com\/product\/yoast-seo-wordpress\/ -->\n<title>Cancelaci\u00f3n de pedidos, devoluci\u00f3n y reembolso. - labonacarn.com<\/title>\n<meta name=\"robots\" content=\"index, follow, max-snippet:-1, max-image-preview:large, max-video-preview:-1\" \/>\n<link rel=\"canonical\" href=\"https:\/\/labonacarn.com\/es\/cancelacion-de-pedidos-devolucion-y-reembolso\/\" \/>\n<meta property=\"og:locale\" content=\"es_ES\" \/>\n<meta property=\"og:type\" content=\"article\" \/>\n<meta property=\"og:title\" content=\"Cancelaci\u00f3n de pedidos, devoluci\u00f3n y reembolso. - labonacarn.com\" \/>\n<meta property=\"og:description\" content=\"Cancelaci\u00f3n de pedidos, devoluci\u00f3n y reembolso. Con posterioridad a la confirmaci\u00f3n no ser\u00e1 posible modificar ni anular el pedido a trav\u00e9s del sitio web, por...\" \/>\n<meta property=\"og:url\" content=\"https:\/\/labonacarn.com\/es\/cancelacion-de-pedidos-devolucion-y-reembolso\/\" \/>\n<meta property=\"og:site_name\" content=\"labonacarn.com\" \/>\n<meta property=\"article:modified_time\" content=\"2023-10-17T07:19:07+00:00\" \/>\n<meta name=\"twitter:card\" content=\"summary_large_image\" \/>\n<meta name=\"twitter:label1\" content=\"Tiempo de lectura\" \/>\n\t<meta name=\"twitter:data1\" content=\"1 minuto\" \/>\n<script type=\"application\/ld+json\" class=\"yoast-schema-graph\">{\"@context\":\"https:\\\/\\\/schema.org\",\"@graph\":[{\"@type\":\"WebPage\",\"@id\":\"https:\\\/\\\/labonacarn.com\\\/es\\\/cancelacion-de-pedidos-devolucion-y-reembolso\\\/\",\"url\":\"https:\\\/\\\/labonacarn.com\\\/es\\\/cancelacion-de-pedidos-devolucion-y-reembolso\\\/\",\"name\":\"Cancelaci\u00f3n de pedidos, devoluci\u00f3n y reembolso. - labonacarn.com\",\"isPartOf\":{\"@id\":\"https:\\\/\\\/labonacarn.com\\\/es\\\/#website\"},\"datePublished\":\"2023-10-17T07:13:23+00:00\",\"dateModified\":\"2023-10-17T07:19:07+00:00\",\"breadcrumb\":{\"@id\":\"https:\\\/\\\/labonacarn.com\\\/es\\\/cancelacion-de-pedidos-devolucion-y-reembolso\\\/#breadcrumb\"},\"inLanguage\":\"es\",\"potentialAction\":[{\"@type\":\"ReadAction\",\"target\":[\"https:\\\/\\\/labonacarn.com\\\/es\\\/cancelacion-de-pedidos-devolucion-y-reembolso\\\/\"]}]},{\"@type\":\"BreadcrumbList\",\"@id\":\"https:\\\/\\\/labonacarn.com\\\/es\\\/cancelacion-de-pedidos-devolucion-y-reembolso\\\/#breadcrumb\",\"itemListElement\":[{\"@type\":\"ListItem\",\"position\":1,\"name\":\"Portada\",\"item\":\"https:\\\/\\\/labonacarn.com\\\/es\\\/\"},{\"@type\":\"ListItem\",\"position\":2,\"name\":\"Cancelaci\u00f3n de pedidos, devoluci\u00f3n y reembolso.\"}]},{\"@type\":\"WebSite\",\"@id\":\"https:\\\/\\\/labonacarn.com\\\/es\\\/#website\",\"url\":\"https:\\\/\\\/labonacarn.com\\\/es\\\/\",\"name\":\"labonacarn.com\",\"description\":\"Venem carn de vedella, porc, pollastre, xai, poltre, gall dindi i embotits de primera qualitat i fets per nosaltres.\",\"potentialAction\":[{\"@type\":\"SearchAction\",\"target\":{\"@type\":\"EntryPoint\",\"urlTemplate\":\"https:\\\/\\\/labonacarn.com\\\/es\\\/?s={search_term_string}\"},\"query-input\":{\"@type\":\"PropertyValueSpecification\",\"valueRequired\":true,\"valueName\":\"search_term_string\"}}],\"inLanguage\":\"es\"}]}<\/script>\n<!-- \/ Yoast SEO plugin. -->","yoast_head_json":{"title":"Cancelaci\u00f3n de pedidos, devoluci\u00f3n y reembolso. - labonacarn.com","robots":{"index":"index","follow":"follow","max-snippet":"max-snippet:-1","max-image-preview":"max-image-preview:large","max-video-preview":"max-video-preview:-1"},"canonical":"https:\/\/labonacarn.com\/es\/cancelacion-de-pedidos-devolucion-y-reembolso\/","og_locale":"es_ES","og_type":"article","og_title":"Cancelaci\u00f3n de pedidos, devoluci\u00f3n y reembolso. - labonacarn.com","og_description":"Cancelaci\u00f3n de pedidos, devoluci\u00f3n y reembolso. Con posterioridad a la confirmaci\u00f3n no ser\u00e1 posible modificar ni anular el pedido a trav\u00e9s del sitio web, por...","og_url":"https:\/\/labonacarn.com\/es\/cancelacion-de-pedidos-devolucion-y-reembolso\/","og_site_name":"labonacarn.com","article_modified_time":"2023-10-17T07:19:07+00:00","twitter_card":"summary_large_image","twitter_misc":{"Tiempo de lectura":"1 minuto"},"schema":{"@context":"https:\/\/schema.org","@graph":[{"@type":"WebPage","@id":"https:\/\/labonacarn.com\/es\/cancelacion-de-pedidos-devolucion-y-reembolso\/","url":"https:\/\/labonacarn.com\/es\/cancelacion-de-pedidos-devolucion-y-reembolso\/","name":"Cancelaci\u00f3n de pedidos, devoluci\u00f3n y reembolso. - labonacarn.com","isPartOf":{"@id":"https:\/\/labonacarn.com\/es\/#website"},"datePublished":"2023-10-17T07:13:23+00:00","dateModified":"2023-10-17T07:19:07+00:00","breadcrumb":{"@id":"https:\/\/labonacarn.com\/es\/cancelacion-de-pedidos-devolucion-y-reembolso\/#breadcrumb"},"inLanguage":"es","potentialAction":[{"@type":"ReadAction","target":["https:\/\/labonacarn.com\/es\/cancelacion-de-pedidos-devolucion-y-reembolso\/"]}]},{"@type":"BreadcrumbList","@id":"https:\/\/labonacarn.com\/es\/cancelacion-de-pedidos-devolucion-y-reembolso\/#breadcrumb","itemListElement":[{"@type":"ListItem","position":1,"name":"Portada","item":"https:\/\/labonacarn.com\/es\/"},{"@type":"ListItem","position":2,"name":"Cancelaci\u00f3n de pedidos, devoluci\u00f3n y reembolso."}]},{"@type":"WebSite","@id":"https:\/\/labonacarn.com\/es\/#website","url":"https:\/\/labonacarn.com\/es\/","name":"labonacarn.com","description":"Venem carn de vedella, porc, pollastre, xai, poltre, gall dindi i embotits de primera qualitat i fets per nosaltres.","potentialAction":[{"@type":"SearchAction","target":{"@type":"EntryPoint","urlTemplate":"https:\/\/labonacarn.com\/es\/?s={search_term_string}"},"query-input":{"@type":"PropertyValueSpecification","valueRequired":true,"valueName":"search_term_string"}}],"inLanguage":"es"}]}},"_links":{"self":[{"href":"https:\/\/labonacarn.com\/es\/wp-json\/wp\/v2\/pages\/10066","targetHints":{"allow":["GET"]}}],"collection":[{"href":"https:\/\/labonacarn.com\/es\/wp-json\/wp\/v2\/pages"}],"about":[{"href":"https:\/\/labonacarn.com\/es\/wp-json\/wp\/v2\/types\/page"}],"author":[{"embeddable":true,"href":"https:\/\/labonacarn.com\/es\/wp-json\/wp\/v2\/users\/1"}],"replies":[{"embeddable":true,"href":"https:\/\/labonacarn.com\/es\/wp-json\/wp\/v2\/comments?post=10066"}],"version-history":[{"count":0,"href":"https:\/\/labonacarn.com\/es\/wp-json\/wp\/v2\/pages\/10066\/revisions"}],"wp:attachment":[{"href":"https:\/\/labonacarn.com\/es\/wp-json\/wp\/v2\/media?parent=10066"}],"curies":[{"name":"wp","href":"https:\/\/api.w.org\/{rel}","templated":true}]}}