{"id":10064,"date":"2023-10-17T09:12:38","date_gmt":"2023-10-17T07:12:38","guid":{"rendered":"https:\/\/labonacarn.com\/condiciones-de-envio-metodo-de-entrega-plazos-costes\/"},"modified":"2023-10-17T09:19:32","modified_gmt":"2023-10-17T07:19:32","slug":"condiciones-de-envio-metodo-de-entrega-plazos-costes","status":"publish","type":"page","link":"https:\/\/labonacarn.com\/es\/condiciones-de-envio-metodo-de-entrega-plazos-costes\/","title":{"rendered":"Condiciones de Env\u00edo: m\u00e9todo de entrega, plazos, costes."},"content":{"rendered":"<h1>Condiciones de Env\u00edo: m\u00e9todo de entrega, plazos, costes.<\/h1>\n<p>Por pedidos dentro de nuestro radio de acci\u00f3n, provincia de Barcelona y Girona, llevaremos los pedidos personalmente el d\u00eda y hora que ha marcado. El transporte tiene un coste de 5\u20ac por pedidos inferiores a 50\u20ac. Un coste de 2 &#8216;5\u20ac por pedidos entre 50\u20ac y 100\u20ac y por pedidos mayores de 100\u20ac el transporte es gratuito.<\/p>\n<p>Por pedidos fuera de nuestro radio de acci\u00f3n, el transporte se hace con una empresa externa y es transporte en fr\u00edo. El cliente deber\u00e1 pagar este transporte, que va en funci\u00f3n del peso del pedido o del volumen del pedido. Tambi\u00e9n depende del sitio de entrega. Es decir, no vale lo mismo servir a Galicia que servir a Valencia. Habitualmente el coste es de 15 \u20ac. Sin embargo, cuando el usuario realiza el pedido, el pedido va a portes debidos.<\/p>\n<p>Una vez tenemos el pedido, labonacarn contactar\u00e1 con el usuario para comunicarle el coste exacto del transporte. En ese momento, si el usuario quiere podr\u00e1 cancelar el pedido si lo cree conveniente, en funci\u00f3n del importe del transporte y labonacarn.com proceder\u00e1 a la devoluci\u00f3n del 100% del importe pagado.<\/p>\n<p>Siempre el transporte es refrigerado.<\/p>\n","protected":false},"excerpt":{"rendered":"<p>Condiciones de Env\u00edo: m\u00e9todo de entrega, plazos, costes. Por pedidos dentro de nuestro radio de acci\u00f3n, provincia de Barcelona y Girona, llevaremos los pedidos personalmente&#8230;<\/p>\n","protected":false},"author":1,"featured_media":0,"parent":0,"menu_order":0,"comment_status":"closed","ping_status":"closed","template":"","meta":{"_acf_changed":false,"_joinchat":[],"footnotes":""},"class_list":["post-10064","page","type-page","status-publish"],"acf":[],"yoast_head":"<!-- This site is optimized with the Yoast SEO plugin v27.4 - https:\/\/yoast.com\/product\/yoast-seo-wordpress\/ -->\n<title>Condiciones de Env\u00edo: m\u00e9todo de entrega, plazos, costes. - labonacarn.com<\/title>\n<meta name=\"robots\" content=\"index, follow, max-snippet:-1, max-image-preview:large, max-video-preview:-1\" \/>\n<link rel=\"canonical\" href=\"https:\/\/labonacarn.com\/es\/condiciones-de-envio-metodo-de-entrega-plazos-costes\/\" \/>\n<meta property=\"og:locale\" content=\"es_ES\" \/>\n<meta property=\"og:type\" content=\"article\" \/>\n<meta property=\"og:title\" content=\"Condiciones de Env\u00edo: m\u00e9todo de entrega, plazos, costes. - labonacarn.com\" \/>\n<meta property=\"og:description\" content=\"Condiciones de Env\u00edo: m\u00e9todo de entrega, plazos, costes. Por pedidos dentro de nuestro radio de acci\u00f3n, provincia de Barcelona y Girona, llevaremos los pedidos personalmente...\" \/>\n<meta property=\"og:url\" content=\"https:\/\/labonacarn.com\/es\/condiciones-de-envio-metodo-de-entrega-plazos-costes\/\" \/>\n<meta property=\"og:site_name\" content=\"labonacarn.com\" \/>\n<meta property=\"article:modified_time\" content=\"2023-10-17T07:19:32+00:00\" \/>\n<meta name=\"twitter:card\" content=\"summary_large_image\" \/>\n<meta name=\"twitter:label1\" content=\"Tiempo de lectura\" \/>\n\t<meta name=\"twitter:data1\" content=\"2 minutos\" \/>\n<script type=\"application\/ld+json\" class=\"yoast-schema-graph\">{\"@context\":\"https:\\\/\\\/schema.org\",\"@graph\":[{\"@type\":\"WebPage\",\"@id\":\"https:\\\/\\\/labonacarn.com\\\/es\\\/condiciones-de-envio-metodo-de-entrega-plazos-costes\\\/\",\"url\":\"https:\\\/\\\/labonacarn.com\\\/es\\\/condiciones-de-envio-metodo-de-entrega-plazos-costes\\\/\",\"name\":\"Condiciones de Env\u00edo: m\u00e9todo de entrega, plazos, costes. - labonacarn.com\",\"isPartOf\":{\"@id\":\"https:\\\/\\\/labonacarn.com\\\/es\\\/#website\"},\"datePublished\":\"2023-10-17T07:12:38+00:00\",\"dateModified\":\"2023-10-17T07:19:32+00:00\",\"breadcrumb\":{\"@id\":\"https:\\\/\\\/labonacarn.com\\\/es\\\/condiciones-de-envio-metodo-de-entrega-plazos-costes\\\/#breadcrumb\"},\"inLanguage\":\"es\",\"potentialAction\":[{\"@type\":\"ReadAction\",\"target\":[\"https:\\\/\\\/labonacarn.com\\\/es\\\/condiciones-de-envio-metodo-de-entrega-plazos-costes\\\/\"]}]},{\"@type\":\"BreadcrumbList\",\"@id\":\"https:\\\/\\\/labonacarn.com\\\/es\\\/condiciones-de-envio-metodo-de-entrega-plazos-costes\\\/#breadcrumb\",\"itemListElement\":[{\"@type\":\"ListItem\",\"position\":1,\"name\":\"Portada\",\"item\":\"https:\\\/\\\/labonacarn.com\\\/es\\\/\"},{\"@type\":\"ListItem\",\"position\":2,\"name\":\"Condiciones de Env\u00edo: m\u00e9todo de entrega, plazos, costes.\"}]},{\"@type\":\"WebSite\",\"@id\":\"https:\\\/\\\/labonacarn.com\\\/es\\\/#website\",\"url\":\"https:\\\/\\\/labonacarn.com\\\/es\\\/\",\"name\":\"labonacarn.com\",\"description\":\"Venem carn de vedella, porc, pollastre, xai, poltre, gall dindi i embotits de primera qualitat i fets per nosaltres.\",\"potentialAction\":[{\"@type\":\"SearchAction\",\"target\":{\"@type\":\"EntryPoint\",\"urlTemplate\":\"https:\\\/\\\/labonacarn.com\\\/es\\\/?s={search_term_string}\"},\"query-input\":{\"@type\":\"PropertyValueSpecification\",\"valueRequired\":true,\"valueName\":\"search_term_string\"}}],\"inLanguage\":\"es\"}]}<\/script>\n<!-- \/ Yoast SEO plugin. -->","yoast_head_json":{"title":"Condiciones de Env\u00edo: m\u00e9todo de entrega, plazos, costes. - labonacarn.com","robots":{"index":"index","follow":"follow","max-snippet":"max-snippet:-1","max-image-preview":"max-image-preview:large","max-video-preview":"max-video-preview:-1"},"canonical":"https:\/\/labonacarn.com\/es\/condiciones-de-envio-metodo-de-entrega-plazos-costes\/","og_locale":"es_ES","og_type":"article","og_title":"Condiciones de Env\u00edo: m\u00e9todo de entrega, plazos, costes. - labonacarn.com","og_description":"Condiciones de Env\u00edo: m\u00e9todo de entrega, plazos, costes. Por pedidos dentro de nuestro radio de acci\u00f3n, provincia de Barcelona y Girona, llevaremos los pedidos personalmente...","og_url":"https:\/\/labonacarn.com\/es\/condiciones-de-envio-metodo-de-entrega-plazos-costes\/","og_site_name":"labonacarn.com","article_modified_time":"2023-10-17T07:19:32+00:00","twitter_card":"summary_large_image","twitter_misc":{"Tiempo de lectura":"2 minutos"},"schema":{"@context":"https:\/\/schema.org","@graph":[{"@type":"WebPage","@id":"https:\/\/labonacarn.com\/es\/condiciones-de-envio-metodo-de-entrega-plazos-costes\/","url":"https:\/\/labonacarn.com\/es\/condiciones-de-envio-metodo-de-entrega-plazos-costes\/","name":"Condiciones de Env\u00edo: m\u00e9todo de entrega, plazos, costes. - labonacarn.com","isPartOf":{"@id":"https:\/\/labonacarn.com\/es\/#website"},"datePublished":"2023-10-17T07:12:38+00:00","dateModified":"2023-10-17T07:19:32+00:00","breadcrumb":{"@id":"https:\/\/labonacarn.com\/es\/condiciones-de-envio-metodo-de-entrega-plazos-costes\/#breadcrumb"},"inLanguage":"es","potentialAction":[{"@type":"ReadAction","target":["https:\/\/labonacarn.com\/es\/condiciones-de-envio-metodo-de-entrega-plazos-costes\/"]}]},{"@type":"BreadcrumbList","@id":"https:\/\/labonacarn.com\/es\/condiciones-de-envio-metodo-de-entrega-plazos-costes\/#breadcrumb","itemListElement":[{"@type":"ListItem","position":1,"name":"Portada","item":"https:\/\/labonacarn.com\/es\/"},{"@type":"ListItem","position":2,"name":"Condiciones de Env\u00edo: m\u00e9todo de entrega, plazos, costes."}]},{"@type":"WebSite","@id":"https:\/\/labonacarn.com\/es\/#website","url":"https:\/\/labonacarn.com\/es\/","name":"labonacarn.com","description":"Venem carn de vedella, porc, pollastre, xai, poltre, gall dindi i embotits de primera qualitat i fets per nosaltres.","potentialAction":[{"@type":"SearchAction","target":{"@type":"EntryPoint","urlTemplate":"https:\/\/labonacarn.com\/es\/?s={search_term_string}"},"query-input":{"@type":"PropertyValueSpecification","valueRequired":true,"valueName":"search_term_string"}}],"inLanguage":"es"}]}},"_links":{"self":[{"href":"https:\/\/labonacarn.com\/es\/wp-json\/wp\/v2\/pages\/10064","targetHints":{"allow":["GET"]}}],"collection":[{"href":"https:\/\/labonacarn.com\/es\/wp-json\/wp\/v2\/pages"}],"about":[{"href":"https:\/\/labonacarn.com\/es\/wp-json\/wp\/v2\/types\/page"}],"author":[{"embeddable":true,"href":"https:\/\/labonacarn.com\/es\/wp-json\/wp\/v2\/users\/1"}],"replies":[{"embeddable":true,"href":"https:\/\/labonacarn.com\/es\/wp-json\/wp\/v2\/comments?post=10064"}],"version-history":[{"count":0,"href":"https:\/\/labonacarn.com\/es\/wp-json\/wp\/v2\/pages\/10064\/revisions"}],"wp:attachment":[{"href":"https:\/\/labonacarn.com\/es\/wp-json\/wp\/v2\/media?parent=10064"}],"curies":[{"name":"wp","href":"https:\/\/api.w.org\/{rel}","templated":true}]}}